{"id":5833,"date":"2017-12-19T05:00:47","date_gmt":"2017-12-19T05:00:47","guid":{"rendered":"https:\/\/taggadeal.com\/product\/marshall-kilburn-altifalante-portatil-sem-fios-marshall\/"},"modified":"2022-07-23T15:21:04","modified_gmt":"2022-07-23T15:21:04","slug":"marshall-kilburn-portable-wireless-speaker-2","status":"publish","type":"product","link":"https:\/\/taggadeal.com\/pt-br\/product\/marshall-kilburn-portable-wireless-speaker-2\/","title":{"rendered":"Marshall Kilburn Altifalante Port\u00e1til Sem Fios Marshall"},"content":{"rendered":"<h4 style=\"font-size: 16px; font-weight: 600;\">Incorporar o Esp\u00edrito Bruto e Desviado do Rock &#8216;N&#8217; Roll<\/h4>\n<p>Incorporando o esp\u00edrito bruto e trai\u00e7oeiro do rock &#8216;n&#8217; roll, o altifalante est\u00e9reo port\u00e1til activo Kilburn assume o aspecto e o som inconfund\u00edveis de Marshall, desliga os acordes, e leva o espect\u00e1culo para a estrada.<\/p>\n<p>Pesando menos de 7 libras, o Kilburn \u00e9 uma pe\u00e7a leve de engenharia em estilo vintage-styled. Definindo a barra como um dos altifalantes mais altos da sua classe, o Kilburn \u00e9 um her\u00f3i compacto e robusto com um \u00e1udio bem equilibrado que se orgulha de ter um alcance m\u00e9dio n\u00edtido e altos extensos para um som que \u00e9 ao mesmo tempo articulado e pronunciado. Os bot\u00f5es anal\u00f3gicos permitem-lhe afinar os controlos \u00e0s suas prefer\u00eancias pessoais enquanto a correia de couro influenciada pela guitarra permite viagens f\u00e1ceis e com estilo.<\/p>\n<p><a href=\"https:\/\/taggadeal.com\/wp-content\/uploads\/2013\/06\/p1.jpg\"><img fetchpriority=\"high\" decoding=\"async\" class=\"alignnone wp-image-1964 size-full\" src=\"https:\/\/taggadeal.com\/wp-content\/uploads\/2013\/06\/p1.jpg\" alt=\"\" width=\"1170\" height=\"363\" srcset=\"https:\/\/taggadeal.com\/wp-content\/uploads\/2013\/06\/p1.jpg 1170w, https:\/\/taggadeal.com\/wp-content\/uploads\/2013\/06\/p1-600x186.jpg 600w, https:\/\/taggadeal.com\/wp-content\/uploads\/2013\/06\/p1-300x93.jpg 300w, https:\/\/taggadeal.com\/wp-content\/uploads\/2013\/06\/p1-1024x318.jpg 1024w, https:\/\/taggadeal.com\/wp-content\/uploads\/2013\/06\/p1-768x238.jpg 768w, https:\/\/taggadeal.com\/wp-content\/uploads\/2013\/06\/p1-370x115.jpg 370w\" sizes=\"(max-width: 1170px) 100vw, 1170px\" \/><\/a><\/p>\n<h4 style=\"font-size: 16px; font-weight: 600;\">O que \u00e9 que se obt\u00e9m<\/h4>\n<p>Som de Marshall, desengata os acordes, e leva o espect\u00e1culo para a estrada.<br \/>\nPesando menos de 7 libras, o Kilburn \u00e9 uma pe\u00e7a leve de engenharia de estilo vintage. Definindo a barra como um dos altifalantes mais altos da sua classe, o Kilburn \u00e9 um her\u00f3i compacto e robusto com um \u00e1udio bem equilibrado que se orgulha de ter um alcance m\u00e9dio n\u00edtido e altos extensos para um som que \u00e9 ao mesmo tempo articulado e pronunciado. Os bot\u00f5es anal\u00f3gicos permitem-lhe afinar os controlos \u00e0s suas prefer\u00eancias pessoais enquanto a correia de couro influenciada pela guitarra permite viagens f\u00e1ceis e com estilo.<\/p>\n<p>A r\u00e1dio FM talvez tenha desaparecido definitivamente, partindo-se do princ\u00edpio de que o j\u00fari decidiu a favor do streaming pela Internet. O detonador de IV \u00e9 outra caracter\u00edstica a ser reformada &#8211; o S6 tinha-o, depois a Nota5 n\u00e3o, e agora com o S7 a tend\u00eancia \u00e9 clara.<\/p>\n<h4 style=\"font-size: 16px; font-weight: 600;\">Perfeitamente Feito<\/h4>\n<p>Entretanto, a resist\u00eancia \u00e0 \u00e1gua IP68 melhorou a partir do S5, permitindo uma submers\u00e3o de at\u00e9 1,5 metros durante 30 minutos, al\u00e9m de n\u00e3o haver nenhuma aba irritante que cubra a porta de carga<\/p>\n<ul>\n<li>Sem r\u00e1dio FM (excepto para unidades T-Mobile nos EUA, at\u00e9 ao momento)<\/li>\n<li>Sem detonador de IV<\/li>\n<li>Sem altifalantes estereof\u00f3nicos<\/li>\n<\/ul>\n<p>Se tiver levado o telefone para um mergulho no banho, ter\u00e1 de secar a porta de carga antes de ligar a tomada. A Samsung n\u00e3o reinventou a roda com o design da Galaxy S7, mas n\u00e3o precisou de o fazer. O Gala S6 foi um dispositivo com um estilo excelente, e o S7 conseguiu melhor\u00e1-lo.<\/p>\n","protected":false},"excerpt":{"rendered":"<ul>\n<li>Altifalante est\u00e9reo activo, port\u00e1til e sem restri\u00e7\u00f5es<\/li>\n<li>Livre dos confins dos fios e cordas<\/li>\n<li>20 horas de capacidades port\u00e1teis<\/li>\n<li>Cabo de bobina de dupla termina\u00e7\u00e3o com fichas stereo de 3,5mm Inclu\u00eddo<\/li>\n<li>Tweeters de 3\/4&#8243; Dome: 2X e 4&#8243; Woofer: 1X<\/li>\n<\/ul>\n","protected":false},"featured_media":6133,"comment_status":"open","ping_status":"closed","template":"","meta":[],"product_cat":[520,519],"product_tag":[517,479],"class_list":{"0":"post-5833","1":"product","2":"type-product","3":"status-publish","4":"has-post-thumbnail","6":"product_cat-sacos","7":"product_cat-vestuario-e-vestuario","8":"product_tag-sem-fios","9":"product_tag-tecnologias","11":"first","12":"instock","13":"taxable","14":"shipping-taxable","15":"purchasable","16":"product-type-variable","17":"col-xs-6 col-sm-4","18":"col-mf-5","19":"un-5-cols"},"jetpack_sharing_enabled":true,"_links":{"self":[{"href":"https:\/\/taggadeal.com\/pt-br\/wp-json\/wp\/v2\/product\/5833","targetHints":{"allow":["GET"]}}],"collection":[{"href":"https:\/\/taggadeal.com\/pt-br\/wp-json\/wp\/v2\/product"}],"about":[{"href":"https:\/\/taggadeal.com\/pt-br\/wp-json\/wp\/v2\/types\/product"}],"replies":[{"embeddable":true,"href":"https:\/\/taggadeal.com\/pt-br\/wp-json\/wp\/v2\/comments?post=5833"}],"wp:featuredmedia":[{"embeddable":true,"href":"https:\/\/taggadeal.com\/pt-br\/wp-json\/wp\/v2\/media\/6133"}],"wp:attachment":[{"href":"https:\/\/taggadeal.com\/pt-br\/wp-json\/wp\/v2\/media?parent=5833"}],"wp:term":[{"taxonomy":"product_cat","embeddable":true,"href":"https:\/\/taggadeal.com\/pt-br\/wp-json\/wp\/v2\/product_cat?post=5833"},{"taxonomy":"product_tag","embeddable":true,"href":"https:\/\/taggadeal.com\/pt-br\/wp-json\/wp\/v2\/product_tag?post=5833"}],"curies":[{"name":"wp","href":"https:\/\/api.w.org\/{rel}","templated":true}]}}