{"id":5527,"date":"2017-11-28T08:28:53","date_gmt":"2017-11-28T08:28:53","guid":{"rendered":"https:\/\/taggadeal.com\/faqs\/"},"modified":"2022-07-19T07:06:03","modified_gmt":"2022-07-19T07:06:03","slug":"faqs","status":"publish","type":"page","link":"https:\/\/taggadeal.com\/pt-br\/faqs\/","title":{"rendered":"FAQs"},"content":{"rendered":"\t\t<div data-elementor-type=\"wp-post\" data-elementor-id=\"5527\" class=\"elementor elementor-5527\">\n\t\t\t\t\t\t<section class=\"elementor-section elementor-top-section elementor-element elementor-element-6f49911d elementor-section-boxed elementor-section-height-default elementor-section-height-default\" data-id=\"6f49911d\" data-element_type=\"section\">\n\t\t\t\t\t\t<div class=\"elementor-container elementor-column-gap-default\">\n\t\t\t\t\t<div class=\"elementor-column elementor-col-100 elementor-top-column elementor-element elementor-element-3b5451ff\" data-id=\"3b5451ff\" data-element_type=\"column\">\n\t\t\t<div class=\"elementor-widget-wrap elementor-element-populated\">\n\t\t\t\t\t\t<div class=\"elementor-element elementor-element-59f1b43f elementor-widget elementor-widget-spacer\" data-id=\"59f1b43f\" data-element_type=\"widget\" data-widget_type=\"spacer.default\">\n\t\t\t\t<div class=\"elementor-widget-container\">\n\t\t\t<style>\/*! elementor - v3.23.0 - 15-07-2024 *\/\n.elementor-column .elementor-spacer-inner{height:var(--spacer-size)}.e-con{--container-widget-width:100%}.e-con-inner>.elementor-widget-spacer,.e-con>.elementor-widget-spacer{width:var(--container-widget-width,var(--spacer-size));--align-self:var(--container-widget-align-self,initial);--flex-shrink:0}.e-con-inner>.elementor-widget-spacer>.elementor-widget-container,.e-con>.elementor-widget-spacer>.elementor-widget-container{height:100%;width:100%}.e-con-inner>.elementor-widget-spacer>.elementor-widget-container>.elementor-spacer,.e-con>.elementor-widget-spacer>.elementor-widget-container>.elementor-spacer{height:100%}.e-con-inner>.elementor-widget-spacer>.elementor-widget-container>.elementor-spacer>.elementor-spacer-inner,.e-con>.elementor-widget-spacer>.elementor-widget-container>.elementor-spacer>.elementor-spacer-inner{height:var(--container-widget-height,var(--spacer-size))}.e-con-inner>.elementor-widget-spacer.elementor-widget-empty,.e-con>.elementor-widget-spacer.elementor-widget-empty{position:relative;min-height:22px;min-width:22px}.e-con-inner>.elementor-widget-spacer.elementor-widget-empty .elementor-widget-empty-icon,.e-con>.elementor-widget-spacer.elementor-widget-empty .elementor-widget-empty-icon{position:absolute;top:0;bottom:0;left:0;right:0;margin:auto;padding:0;width:22px;height:22px}<\/style>\t\t<div class=\"elementor-spacer\">\n\t\t\t<div class=\"elementor-spacer-inner\"><\/div>\n\t\t<\/div>\n\t\t\t\t<\/div>\n\t\t\t\t<\/div>\n\t\t\t\t\t<\/div>\n\t\t<\/div>\n\t\t\t\t\t<\/div>\n\t\t<\/section>\n\t\t\t\t<section class=\"elementor-section elementor-top-section elementor-element elementor-element-488af688 elementor-section-boxed elementor-section-height-default elementor-section-height-default\" data-id=\"488af688\" data-element_type=\"section\">\n\t\t\t\t\t\t<div class=\"elementor-container elementor-column-gap-default\">\n\t\t\t\t\t<div class=\"elementor-column elementor-col-100 elementor-top-column elementor-element elementor-element-27615e6d\" data-id=\"27615e6d\" data-element_type=\"column\">\n\t\t\t<div class=\"elementor-widget-wrap elementor-element-populated\">\n\t\t\t\t\t\t<div class=\"elementor-element elementor-element-3bf1d0b5 elementor-widget elementor-widget-heading\" data-id=\"3bf1d0b5\" data-element_type=\"widget\" data-widget_type=\"heading.default\">\n\t\t\t\t<div class=\"elementor-widget-container\">\n\t\t\t<style>\/*! elementor - v3.23.0 - 15-07-2024 *\/\n.elementor-heading-title{padding:0;margin:0;line-height:1}.elementor-widget-heading .elementor-heading-title[class*=elementor-size-]>a{color:inherit;font-size:inherit;line-height:inherit}.elementor-widget-heading .elementor-heading-title.elementor-size-small{font-size:15px}.elementor-widget-heading .elementor-heading-title.elementor-size-medium{font-size:19px}.elementor-widget-heading .elementor-heading-title.elementor-size-large{font-size:29px}.elementor-widget-heading .elementor-heading-title.elementor-size-xl{font-size:39px}.elementor-widget-heading .elementor-heading-title.elementor-size-xxl{font-size:59px}<\/style><h2 class=\"elementor-heading-title elementor-size-default\">Perguntas Mais Frequentes<\/h2>\t\t<\/div>\n\t\t\t\t<\/div>\n\t\t\t\t<div class=\"elementor-element elementor-element-7d329aac elementor-widget elementor-widget-spacer\" data-id=\"7d329aac\" data-element_type=\"widget\" data-widget_type=\"spacer.default\">\n\t\t\t\t<div class=\"elementor-widget-container\">\n\t\t\t\t\t<div class=\"elementor-spacer\">\n\t\t\t<div class=\"elementor-spacer-inner\"><\/div>\n\t\t<\/div>\n\t\t\t\t<\/div>\n\t\t\t\t<\/div>\n\t\t\t\t\t<\/div>\n\t\t<\/div>\n\t\t\t\t\t<\/div>\n\t\t<\/section>\n\t\t\t\t<section class=\"elementor-section elementor-top-section elementor-element elementor-element-6bed7545 elementor-section-boxed elementor-section-height-default elementor-section-height-default\" data-id=\"6bed7545\" data-element_type=\"section\">\n\t\t\t\t\t\t<div class=\"elementor-container elementor-column-gap-default\">\n\t\t\t\t\t<div class=\"elementor-column elementor-col-100 elementor-top-column elementor-element elementor-element-1395eff2\" data-id=\"1395eff2\" data-element_type=\"column\">\n\t\t\t<div class=\"elementor-widget-wrap elementor-element-populated\">\n\t\t\t\t\t\t<div class=\"elementor-element elementor-element-650f37af elementor-widget elementor-widget-martfury-faqs\" data-id=\"650f37af\" data-element_type=\"widget\" data-widget_type=\"martfury-faqs.default\">\n\t\t\t\t<div class=\"elementor-widget-container\">\n\t\t\t<div class=\"martfury-faq_group\"><div class=\"row\"><div class=\"col-gtitle col-md-3 col-sm-3 col-xs-12\"><h2 class=\"g-title\">TRANSPORTE<\/h2><\/div><div class=\"col-md-9 col-sm-9 col-xs-12\"><div class=\"row\"><div class=\"faq-item\"><div class=\"col-title col-md-5 col-sm-5 col-xs-12\"> <h3 class=\"title\">  Que m\u00e9todos de envio est\u00e3o dispon\u00edveis?<\/h3><\/div><div class=\"col-md-7 col-sm-7 col-xs-12\"> <div class=\"desc\">Ex Bigode irremedi\u00e1vel de Portland Pitchfork. Eutra fap antes de se esgotarem literalmente. Aliquip ugh direitos de bicicleta na realidade mlkshk, lula seitan craft cerveja tempor\u00e1ria.<\/div><\/div><\/div><div class=\"faq-item\"><div class=\"col-title col-md-5 col-sm-5 col-xs-12\"> <h3 class=\"title\">Envia internacionalmente?<\/h3><\/div><div class=\"col-md-7 col-sm-7 col-xs-12\"> <div class=\"desc\">Tofu de mistura de sacos de capuz. M\u00e1quina de escrever cal\u00e7\u00f5es de jean quinoa de lobo, saco de mensageiro lacaio org\u00e2nico freegan cray.<\/div><\/div><\/div><div class=\"faq-item\"><div class=\"col-title col-md-5 col-sm-5 col-xs-12\"> <h3 class=\"title\">Quanto tempo demorar\u00e1 a receber a minha encomenda?<\/h3><\/div><div class=\"col-md-7 col-sm-7 col-xs-12\"> <div class=\"desc\">\nQuinoa de carboidrato lento VHS, brunch de barriga de porco \u00e0 m\u00e1quina, caf\u00e9 paleo de origem \u00fanica Wes Anderson. Forragem Flexit\u00e1ria de Forquilha, literalmente paleo fap pour-over. Wes Anderson Pinterest YOLO fanny pack meggings, deep v XOXO chambray sustainable slow-carb sustainable grey grey grey grey grey grey grey fap chillwave Etsy. +1 kitsch de m\u00e1quina de escrever, American Apparel tofu Banksy Vice.<\/div><\/div><\/div><\/div><\/div><\/div><\/div>\t\t<\/div>\n\t\t\t\t<\/div>\n\t\t\t\t<div class=\"elementor-element elementor-element-7492c80f elementor-widget elementor-widget-spacer\" data-id=\"7492c80f\" data-element_type=\"widget\" data-widget_type=\"spacer.default\">\n\t\t\t\t<div class=\"elementor-widget-container\">\n\t\t\t\t\t<div class=\"elementor-spacer\">\n\t\t\t<div class=\"elementor-spacer-inner\"><\/div>\n\t\t<\/div>\n\t\t\t\t<\/div>\n\t\t\t\t<\/div>\n\t\t\t\t<div class=\"elementor-element elementor-element-6fbdc006 elementor-widget-divider--view-line elementor-widget elementor-widget-divider\" data-id=\"6fbdc006\" data-element_type=\"widget\" data-widget_type=\"divider.default\">\n\t\t\t\t<div class=\"elementor-widget-container\">\n\t\t\t<style>\/*! elementor - v3.23.0 - 15-07-2024 *\/\n.elementor-widget-divider{--divider-border-style:none;--divider-border-width:1px;--divider-color:#0c0d0e;--divider-icon-size:20px;--divider-element-spacing:10px;--divider-pattern-height:24px;--divider-pattern-size:20px;--divider-pattern-url:none;--divider-pattern-repeat:repeat-x}.elementor-widget-divider .elementor-divider{display:flex}.elementor-widget-divider .elementor-divider__text{font-size:15px;line-height:1;max-width:95%}.elementor-widget-divider .elementor-divider__element{margin:0 var(--divider-element-spacing);flex-shrink:0}.elementor-widget-divider .elementor-icon{font-size:var(--divider-icon-size)}.elementor-widget-divider .elementor-divider-separator{display:flex;margin:0;direction:ltr}.elementor-widget-divider--view-line_icon .elementor-divider-separator,.elementor-widget-divider--view-line_text .elementor-divider-separator{align-items:center}.elementor-widget-divider--view-line_icon .elementor-divider-separator:after,.elementor-widget-divider--view-line_icon .elementor-divider-separator:before,.elementor-widget-divider--view-line_text .elementor-divider-separator:after,.elementor-widget-divider--view-line_text .elementor-divider-separator:before{display:block;content:\"\";border-block-end:0;flex-grow:1;border-block-start:var(--divider-border-width) var(--divider-border-style) var(--divider-color)}.elementor-widget-divider--element-align-left .elementor-divider .elementor-divider-separator>.elementor-divider__svg:first-of-type{flex-grow:0;flex-shrink:100}.elementor-widget-divider--element-align-left .elementor-divider-separator:before{content:none}.elementor-widget-divider--element-align-left .elementor-divider__element{margin-left:0}.elementor-widget-divider--element-align-right .elementor-divider .elementor-divider-separator>.elementor-divider__svg:last-of-type{flex-grow:0;flex-shrink:100}.elementor-widget-divider--element-align-right .elementor-divider-separator:after{content:none}.elementor-widget-divider--element-align-right .elementor-divider__element{margin-right:0}.elementor-widget-divider--element-align-start .elementor-divider .elementor-divider-separator>.elementor-divider__svg:first-of-type{flex-grow:0;flex-shrink:100}.elementor-widget-divider--element-align-start .elementor-divider-separator:before{content:none}.elementor-widget-divider--element-align-start .elementor-divider__element{margin-inline-start:0}.elementor-widget-divider--element-align-end .elementor-divider .elementor-divider-separator>.elementor-divider__svg:last-of-type{flex-grow:0;flex-shrink:100}.elementor-widget-divider--element-align-end .elementor-divider-separator:after{content:none}.elementor-widget-divider--element-align-end .elementor-divider__element{margin-inline-end:0}.elementor-widget-divider:not(.elementor-widget-divider--view-line_text):not(.elementor-widget-divider--view-line_icon) .elementor-divider-separator{border-block-start:var(--divider-border-width) var(--divider-border-style) var(--divider-color)}.elementor-widget-divider--separator-type-pattern{--divider-border-style:none}.elementor-widget-divider--separator-type-pattern.elementor-widget-divider--view-line .elementor-divider-separator,.elementor-widget-divider--separator-type-pattern:not(.elementor-widget-divider--view-line) .elementor-divider-separator:after,.elementor-widget-divider--separator-type-pattern:not(.elementor-widget-divider--view-line) .elementor-divider-separator:before,.elementor-widget-divider--separator-type-pattern:not([class*=elementor-widget-divider--view]) .elementor-divider-separator{width:100%;min-height:var(--divider-pattern-height);-webkit-mask-size:var(--divider-pattern-size) 100%;mask-size:var(--divider-pattern-size) 100%;-webkit-mask-repeat:var(--divider-pattern-repeat);mask-repeat:var(--divider-pattern-repeat);background-color:var(--divider-color);-webkit-mask-image:var(--divider-pattern-url);mask-image:var(--divider-pattern-url)}.elementor-widget-divider--no-spacing{--divider-pattern-size:auto}.elementor-widget-divider--bg-round{--divider-pattern-repeat:round}.rtl .elementor-widget-divider .elementor-divider__text{direction:rtl}.e-con-inner>.elementor-widget-divider,.e-con>.elementor-widget-divider{width:var(--container-widget-width,100%);--flex-grow:var(--container-widget-flex-grow)}<\/style>\t\t<div class=\"elementor-divider\">\n\t\t\t<span class=\"elementor-divider-separator\">\n\t\t\t\t\t\t<\/span>\n\t\t<\/div>\n\t\t\t\t<\/div>\n\t\t\t\t<\/div>\n\t\t\t\t<div class=\"elementor-element elementor-element-42af1fc6 elementor-widget elementor-widget-spacer\" data-id=\"42af1fc6\" data-element_type=\"widget\" data-widget_type=\"spacer.default\">\n\t\t\t\t<div class=\"elementor-widget-container\">\n\t\t\t\t\t<div class=\"elementor-spacer\">\n\t\t\t<div class=\"elementor-spacer-inner\"><\/div>\n\t\t<\/div>\n\t\t\t\t<\/div>\n\t\t\t\t<\/div>\n\t\t\t\t<div class=\"elementor-element elementor-element-1288a85f elementor-widget elementor-widget-martfury-faqs\" data-id=\"1288a85f\" data-element_type=\"widget\" data-widget_type=\"martfury-faqs.default\">\n\t\t\t\t<div class=\"elementor-widget-container\">\n\t\t\t<div class=\"martfury-faq_group\"><div class=\"row\"><div class=\"col-gtitle col-md-3 col-sm-3 col-xs-12\"><h2 class=\"g-title\">PAGAMENTO<\/h2><\/div><div class=\"col-md-9 col-sm-9 col-xs-12\"><div class=\"row\"><div class=\"faq-item\"><div class=\"col-title col-md-5 col-sm-5 col-xs-12\"> <h3 class=\"title\">  Que M\u00e9todos de Pagamento s\u00e3o Aceites?<\/h3><\/div><div class=\"col-md-7 col-sm-7 col-xs-12\"> <div class=\"desc\">\nMachado de moda cal\u00e7\u00f5es de jean, cal\u00e7\u00f5es de couve-flor de couve-flor de polaroid kogi a\u00e7ougueiro Wes Anderson chambray next level semiotics gentrify yr. Voluptate photo booth fugiat Vice.  Twee chia photo booth readymade food truck, hoodie hoodie roof party swag keytar PBR DIY.<\/div><\/div><\/div><div class=\"faq-item\"><div class=\"col-title col-md-5 col-sm-5 col-xs-12\"> <h3 class=\"title\">Comprar On-Line \u00e9 seguro?<\/h3><\/div><div class=\"col-md-7 col-sm-7 col-xs-12\"> <div class=\"desc\">\nFesta de arte aut\u00eanticos cal\u00e7\u00f5es de jean semiotics freegan chia cred. Neutra Austin roof party Brooklyn, cabine fotogr\u00e1fica de 8 bits da synth Thundercats. As leggings de tipografia lisa fabricam cerveja com interesse \u00e9tico.<\/div><\/div><\/div><\/div><\/div><\/div><\/div>\t\t<\/div>\n\t\t\t\t<\/div>\n\t\t\t\t<div class=\"elementor-element elementor-element-75680b5e elementor-widget elementor-widget-spacer\" data-id=\"75680b5e\" data-element_type=\"widget\" data-widget_type=\"spacer.default\">\n\t\t\t\t<div class=\"elementor-widget-container\">\n\t\t\t\t\t<div class=\"elementor-spacer\">\n\t\t\t<div class=\"elementor-spacer-inner\"><\/div>\n\t\t<\/div>\n\t\t\t\t<\/div>\n\t\t\t\t<\/div>\n\t\t\t\t<div class=\"elementor-element elementor-element-42e7163b elementor-widget-divider--view-line elementor-widget elementor-widget-divider\" data-id=\"42e7163b\" data-element_type=\"widget\" data-widget_type=\"divider.default\">\n\t\t\t\t<div class=\"elementor-widget-container\">\n\t\t\t\t\t<div class=\"elementor-divider\">\n\t\t\t<span class=\"elementor-divider-separator\">\n\t\t\t\t\t\t<\/span>\n\t\t<\/div>\n\t\t\t\t<\/div>\n\t\t\t\t<\/div>\n\t\t\t\t<div class=\"elementor-element elementor-element-49b1ded9 elementor-widget elementor-widget-spacer\" data-id=\"49b1ded9\" data-element_type=\"widget\" data-widget_type=\"spacer.default\">\n\t\t\t\t<div class=\"elementor-widget-container\">\n\t\t\t\t\t<div class=\"elementor-spacer\">\n\t\t\t<div class=\"elementor-spacer-inner\"><\/div>\n\t\t<\/div>\n\t\t\t\t<\/div>\n\t\t\t\t<\/div>\n\t\t\t\t<div class=\"elementor-element elementor-element-2c936feb elementor-widget elementor-widget-martfury-faqs\" data-id=\"2c936feb\" data-element_type=\"widget\" data-widget_type=\"martfury-faqs.default\">\n\t\t\t\t<div class=\"elementor-widget-container\">\n\t\t\t<div class=\"martfury-faq_group\"><div class=\"row\"><div class=\"col-gtitle col-md-3 col-sm-3 col-xs-12\"><h2 class=\"g-title\">Encomendas e devolu\u00e7\u00f5es<\/h2><\/div><div class=\"col-md-9 col-sm-9 col-xs-12\"><div class=\"row\"><div class=\"faq-item\"><div class=\"col-title col-md-5 col-sm-5 col-xs-12\"> <h3 class=\"title\">Como \u00e9 que fa\u00e7o uma encomenda?<\/h3><\/div><div class=\"col-md-7 col-sm-7 col-xs-12\"> <div class=\"desc\">Keytar cray slow-carb, Godard banh mi salvia pour-over. Fora do normal seitano-normandar de futuro. Mestre limpar a American Apparel gentrify flexitarian beard slow-carb next level. Pale\u00f3lo de denim cru de fazenda a mesa, colocar um p\u00e1ssaro tatuado lo-fi de Wes Anderson Pinterest tipografia. Fingerstache McSweeney's pour-over, letterpress Schlitz photo booth master limpar por medida hashtag chillwave gentrify.<\/div><\/div><\/div><div class=\"faq-item\"><div class=\"col-title col-md-5 col-sm-5 col-xs-12\"> <h3 class=\"title\">Como posso cancelar ou alterar a minha encomenda?<\/h3><\/div><div class=\"col-md-7 col-sm-7 col-xs-12\"> <div class=\"desc\">As leggings de tipografia lisa fabricam cerveja com interesse \u00e9tico. Festa de arte aut\u00eanticos cal\u00e7\u00f5es de jean semiotics freegan chia cred. Neutra Austin roof party Brooklyn, cabine fotogr\u00e1fica de 8 bits da synth Thundercats.<\/div><\/div><\/div><div class=\"faq-item\"><div class=\"col-title col-md-5 col-sm-5 col-xs-12\"> <h3 class=\"title\">Preciso de uma conta para fazer uma encomenda?<\/h3><\/div><div class=\"col-md-7 col-sm-7 col-xs-12\"> <div class=\"desc\">\nThundercats swag cabine fotogr\u00e1fica de 8 bits. As leggings de tipografia lisa fabricam cerveja com interesse \u00e9tico. Twee chia photo booth readymade food truck, hoodie hoodie roof party swag keytar PBR DIY. Cray ugh 3 wolf moon fap, machado de moda ironia a\u00e7ougueiro cornhole m\u00e1quina de escrever chambray VHS banjo street art.<\/div><\/div><\/div><div class=\"faq-item\"><div class=\"col-title col-md-5 col-sm-5 col-xs-12\"> <h3 class=\"title\">Como posso acompanhar a minha encomenda?<\/h3><\/div><div class=\"col-md-7 col-sm-7 col-xs-12\"> <div class=\"desc\">Keytar cray slow-carb, Godard banh mi salvia pour-over. Slow-carb @Odd Future seitan normcore. Mestre limpar a American Apparel gentrify flexitarian beard slow-carb next level.<\/div><\/div><\/div><div class=\"faq-item\"><div class=\"col-title col-md-5 col-sm-5 col-xs-12\"> <h3 class=\"title\">Como posso devolver um produto?<\/h3><\/div><div class=\"col-md-7 col-sm-7 col-xs-12\"> <div class=\"desc\">Kale chips Truffaut Williamsburg, hashtag fixie Pinterest cru em ganga c hambray a beber vinagre Carles street art Bushwick gastropub. Chave de paleo igreja Wolf Tumblr. Cami\u00e3o de comida lisa Echo Park YOLO bitters hella, com\u00e9rcio directo Thundercats leggings quinoa antes de se esgotarem. Provavelmente, ainda n\u00e3o ouviu falar deles, aut\u00eanticos umami que bebem vinagre de vinagre Cosby, camisola de bigode de dedos High Life.<\/div><\/div><\/div><\/div><\/div><\/div><\/div>\t\t<\/div>\n\t\t\t\t<\/div>\n\t\t\t\t<div class=\"elementor-element elementor-element-5201832e elementor-widget elementor-widget-spacer\" data-id=\"5201832e\" data-element_type=\"widget\" data-widget_type=\"spacer.default\">\n\t\t\t\t<div class=\"elementor-widget-container\">\n\t\t\t\t\t<div class=\"elementor-spacer\">\n\t\t\t<div class=\"elementor-spacer-inner\"><\/div>\n\t\t<\/div>\n\t\t\t\t<\/div>\n\t\t\t\t<\/div>\n\t\t\t\t\t<\/div>\n\t\t<\/div>\n\t\t\t\t\t<\/div>\n\t\t<\/section>\n\t\t\t\t<section class=\"elementor-section elementor-top-section elementor-element elementor-element-6d7554cc elementor-section-stretched elementor-section-boxed elementor-section-height-default elementor-section-height-default\" data-id=\"6d7554cc\" data-element_type=\"section\" data-settings=\"{&quot;stretch_section&quot;:&quot;section-stretched&quot;,&quot;background_background&quot;:&quot;classic&quot;}\">\n\t\t\t\t\t\t<div class=\"elementor-container elementor-column-gap-default\">\n\t\t\t\t\t<div class=\"elementor-column elementor-col-100 elementor-top-column elementor-element elementor-element-22c8467\" data-id=\"22c8467\" data-element_type=\"column\">\n\t\t\t<div class=\"elementor-widget-wrap elementor-element-populated\">\n\t\t\t\t\t\t<div class=\"elementor-element elementor-element-4cba6143 elementor-widget elementor-widget-spacer\" data-id=\"4cba6143\" data-element_type=\"widget\" data-widget_type=\"spacer.default\">\n\t\t\t\t<div class=\"elementor-widget-container\">\n\t\t\t\t\t<div class=\"elementor-spacer\">\n\t\t\t<div class=\"elementor-spacer-inner\"><\/div>\n\t\t<\/div>\n\t\t\t\t<\/div>\n\t\t\t\t<\/div>\n\t\t\t\t<div class=\"elementor-element elementor-element-2e54b203 elementor-widget elementor-widget-text-editor\" data-id=\"2e54b203\" data-element_type=\"widget\" data-widget_type=\"text-editor.default\">\n\t\t\t\t<div class=\"elementor-widget-container\">\n\t\t\t<style>\/*! elementor - v3.23.0 - 15-07-2024 *\/\n.elementor-widget-text-editor.elementor-drop-cap-view-stacked .elementor-drop-cap{background-color:#69727d;color:#fff}.elementor-widget-text-editor.elementor-drop-cap-view-framed .elementor-drop-cap{color:#69727d;border:3px solid;background-color:transparent}.elementor-widget-text-editor:not(.elementor-drop-cap-view-default) .elementor-drop-cap{margin-top:8px}.elementor-widget-text-editor:not(.elementor-drop-cap-view-default) .elementor-drop-cap-letter{width:1em;height:1em}.elementor-widget-text-editor .elementor-drop-cap{float:left;text-align:center;line-height:1;font-size:50px}.elementor-widget-text-editor .elementor-drop-cap-letter{display:inline-block}<\/style>\t\t\t\t<div class=\"text-center\">Estamos aqui para ajudar!  <a class=\"primary-color\" style=\"text-decoration: underline;\" href=\"#\">Contacte-nos<\/a><\/div>\t\t\t\t\t\t<\/div>\n\t\t\t\t<\/div>\n\t\t\t\t<div class=\"elementor-element elementor-element-379fdadb elementor-widget elementor-widget-spacer\" data-id=\"379fdadb\" data-element_type=\"widget\" data-widget_type=\"spacer.default\">\n\t\t\t\t<div class=\"elementor-widget-container\">\n\t\t\t\t\t<div class=\"elementor-spacer\">\n\t\t\t<div class=\"elementor-spacer-inner\"><\/div>\n\t\t<\/div>\n\t\t\t\t<\/div>\n\t\t\t\t<\/div>\n\t\t\t\t\t<\/div>\n\t\t<\/div>\n\t\t\t\t\t<\/div>\n\t\t<\/section>\n\t\t\t\t<\/div>\n\t\t","protected":false},"excerpt":{"rendered":"<p>Perguntas Mais Frequentes TRANSPORTE Que m\u00e9todos de envio est\u00e3o dispon\u00edveis? Ex Bigode irremedi\u00e1vel de Portland Pitchfork. Eutra fap antes de se esgotarem literalmente. Aliquip ugh direitos de bicicleta na realidade mlkshk, lula seitan craft cerveja tempor\u00e1ria. Envia internacionalmente? Tofu de mistura de sacos de capuz. M\u00e1quina de escrever cal\u00e7\u00f5es de jean quinoa de lobo, saco&hellip;<\/p>\n","protected":false},"author":1,"featured_media":0,"parent":0,"menu_order":0,"comment_status":"closed","ping_status":"closed","template":"","meta":{"footnotes":""},"class_list":["post-5527","page","type-page","status-publish","hentry"],"jetpack_sharing_enabled":true,"_links":{"self":[{"href":"https:\/\/taggadeal.com\/pt-br\/wp-json\/wp\/v2\/pages\/5527","targetHints":{"allow":["GET"]}}],"collection":[{"href":"https:\/\/taggadeal.com\/pt-br\/wp-json\/wp\/v2\/pages"}],"about":[{"href":"https:\/\/taggadeal.com\/pt-br\/wp-json\/wp\/v2\/types\/page"}],"author":[{"embeddable":true,"href":"https:\/\/taggadeal.com\/pt-br\/wp-json\/wp\/v2\/users\/1"}],"replies":[{"embeddable":true,"href":"https:\/\/taggadeal.com\/pt-br\/wp-json\/wp\/v2\/comments?post=5527"}],"version-history":[{"count":1,"href":"https:\/\/taggadeal.com\/pt-br\/wp-json\/wp\/v2\/pages\/5527\/revisions"}],"predecessor-version":[{"id":5529,"href":"https:\/\/taggadeal.com\/pt-br\/wp-json\/wp\/v2\/pages\/5527\/revisions\/5529"}],"wp:attachment":[{"href":"https:\/\/taggadeal.com\/pt-br\/wp-json\/wp\/v2\/media?parent=5527"}],"curies":[{"name":"wp","href":"https:\/\/api.w.org\/{rel}","templated":true}]}}