{"id":5813,"date":"2013-06-07T11:38:12","date_gmt":"2013-06-07T11:38:12","guid":{"rendered":"https:\/\/taggadeal.com\/product\/controller-wireless-xbox-one-colore-nero\/"},"modified":"2022-07-19T17:15:42","modified_gmt":"2022-07-19T17:15:42","slug":"xbox-one-controller-wireless-nero-colore","status":"publish","type":"product","link":"https:\/\/taggadeal.com\/it\/product\/xbox-one-controller-wireless-nero-colore\/","title":{"rendered":"Controller wireless Xbox One colore nero"},"content":{"rendered":"<h4 style=\"font-size: 16px; font-weight: 600;\">Incarnare lo spirito grezzo e ribelle del rock &#8216;n&#8217; roll<\/h4>\n<p>Incarnando lo spirito grezzo e ribelle del rock &#8216;n&#8217; roll, il diffusore stereo attivo portatile Kilburn prende il look e il suono inconfondibili di Marshall, stacca la spina e porta lo spettacolo sulla strada.<\/p>\n<p>Con un peso inferiore alle 7 libbre, il Kilburn \u00e8 un pezzo leggero di ingegneria in stile vintage. Definito come uno dei diffusori pi\u00f9 rumorosi della sua categoria, il Kilburn \u00e8 un eroe compatto e robusto con un audio ben bilanciato che vanta una gamma media chiara e alti estesi per un suono articolato e pronunciato. Le manopole analogiche consentono di regolare con precisione i controlli in base alle proprie preferenze personali, mentre la cinghia in pelle, che richiama la chitarra, consente di viaggiare con facilit\u00e0 ed eleganza.<\/p>\n<p><a href=\"https:\/\/taggadeal.com\/wp-content\/uploads\/2013\/06\/p1.jpg\"><img fetchpriority=\"high\" decoding=\"async\" class=\"alignnone wp-image-1964 size-full\" src=\"https:\/\/taggadeal.com\/wp-content\/uploads\/2013\/06\/p1.jpg\" alt=\"\" width=\"1170\" height=\"363\" srcset=\"https:\/\/taggadeal.com\/wp-content\/uploads\/2013\/06\/p1.jpg 1170w, https:\/\/taggadeal.com\/wp-content\/uploads\/2013\/06\/p1-600x186.jpg 600w, https:\/\/taggadeal.com\/wp-content\/uploads\/2013\/06\/p1-300x93.jpg 300w, https:\/\/taggadeal.com\/wp-content\/uploads\/2013\/06\/p1-1024x318.jpg 1024w, https:\/\/taggadeal.com\/wp-content\/uploads\/2013\/06\/p1-768x238.jpg 768w, https:\/\/taggadeal.com\/wp-content\/uploads\/2013\/06\/p1-370x115.jpg 370w\" sizes=\"(max-width: 1170px) 100vw, 1170px\" \/><\/a><\/p>\n<h4 style=\"font-size: 16px; font-weight: 600;\">Cosa si ottiene<\/h4>\n<p>Sound of Marshall, stacca le corde e porta lo spettacolo sulla strada.<br \/>\nCon un peso inferiore alle 7 libbre, il Kilburn \u00e8 un pezzo leggero di ingegneria in stile vintage. Definito come uno dei diffusori pi\u00f9 rumorosi della sua categoria, il Kilburn \u00e8 un eroe compatto e robusto con un audio ben bilanciato che vanta una gamma media chiara e alti estesi per un suono articolato e pronunciato. Le manopole analogiche consentono di regolare con precisione i controlli in base alle proprie preferenze personali, mentre la cinghia in pelle, che richiama la chitarra, consente di viaggiare con facilit\u00e0 ed eleganza.<\/p>\n<p>La radio FM \u00e8 forse sparita per sempre, perch\u00e9 si presume che la giuria abbia deciso a favore dello streaming su Internet. Il blaster a infrarossi \u00e8 un&#8217;altra caratteristica destinata al pensionamento: l&#8217;S6 lo aveva, il Note5 no e ora con l&#8217;S7 la tendenza \u00e8 chiara.<\/p>\n<h4 style=\"font-size: 16px; font-weight: 600;\">Perfettamente fatto<\/h4>\n<p>Nel frattempo, la resistenza all&#8217;acqua IP68 \u00e8 migliorata rispetto all&#8217;S5, consentendo l&#8217;immersione fino a un metro e mezzo per 30 minuti, e in pi\u00f9 non c&#8217;\u00e8 il fastidioso sportello che copre la porta di ricarica.<\/p>\n<ul>\n<li>Nessuna radio FM (tranne che per le unit\u00e0 T-Mobile negli Stati Uniti, per ora)<\/li>\n<li>Nessun blaster IR<\/li>\n<li>Nessun altoparlante stereo<\/li>\n<\/ul>\n<p>Se il telefono \u00e8 stato immerso nella vasca da bagno, \u00e8 necessario asciugare la porta di ricarica prima di collegarla. Samsung non ha reinventato la ruota con il design del Galaxy S7, ma non ne ha avuto bisogno. Il Gala S6 era un dispositivo dallo stile eccellente e l&#8217;S7 \u00e8 riuscito a migliorarlo.<\/p>\n","protected":false},"excerpt":{"rendered":"<ul>\n<li>Diffusore stereo attivo portatile e senza vincoli<\/li>\n<li>Liberi dai confini di fili e accordi<\/li>\n<li>20 ore di funzionalit\u00e0 portatile<\/li>\n<li>Cavo a doppia bobina con spine stereo da 3,5 mm in dotazione<\/li>\n<li>Tweeter a cupola da 3\/4&#8243;: 2X e woofer da 4&#8243;: 1X<\/li>\n<\/ul>\n","protected":false},"featured_media":4811,"comment_status":"open","ping_status":"closed","template":"","meta":[],"product_cat":[1088],"product_tag":[422,423],"class_list":{"0":"post-5813","1":"product","2":"type-product","3":"status-publish","4":"has-post-thumbnail","6":"product_brand-xbox-it","7":"product_cat-all-categories","8":"product_tag-senza-fili","9":"product_tag-xbox-it","11":"first","12":"instock","13":"featured","14":"taxable","15":"shipping-taxable","16":"purchasable","17":"product-type-simple","18":"col-xs-6 col-sm-4","19":"col-mf-5","20":"un-5-cols"},"jetpack_sharing_enabled":true,"_links":{"self":[{"href":"https:\/\/taggadeal.com\/it\/wp-json\/wp\/v2\/product\/5813","targetHints":{"allow":["GET"]}}],"collection":[{"href":"https:\/\/taggadeal.com\/it\/wp-json\/wp\/v2\/product"}],"about":[{"href":"https:\/\/taggadeal.com\/it\/wp-json\/wp\/v2\/types\/product"}],"replies":[{"embeddable":true,"href":"https:\/\/taggadeal.com\/it\/wp-json\/wp\/v2\/comments?post=5813"}],"wp:featuredmedia":[{"embeddable":true,"href":"https:\/\/taggadeal.com\/it\/wp-json\/wp\/v2\/media\/4811"}],"wp:attachment":[{"href":"https:\/\/taggadeal.com\/it\/wp-json\/wp\/v2\/media?parent=5813"}],"wp:term":[{"taxonomy":"product_cat","embeddable":true,"href":"https:\/\/taggadeal.com\/it\/wp-json\/wp\/v2\/product_cat?post=5813"},{"taxonomy":"product_tag","embeddable":true,"href":"https:\/\/taggadeal.com\/it\/wp-json\/wp\/v2\/product_tag?post=5813"}],"curies":[{"name":"wp","href":"https:\/\/api.w.org\/{rel}","templated":true}]}}