{"id":5797,"date":"2013-06-07T11:38:12","date_gmt":"2013-06-07T11:38:12","guid":{"rendered":"https:\/\/taggadeal.com\/product\/manette-sans-fil-xbox-one-couleur-noire\/"},"modified":"2022-07-19T17:15:42","modified_gmt":"2022-07-19T17:15:42","slug":"xbox-one-wireless-controller-black-color-2","status":"publish","type":"product","link":"https:\/\/taggadeal.com\/fr\/product\/xbox-one-wireless-controller-black-color-2\/","title":{"rendered":"Manette sans fil Xbox One Couleur noire"},"content":{"rendered":"<h4 style=\"font-size: 16px; font-weight: 600;\">Incorporer l&rsquo;esprit brut et rebelle du Rock &lsquo;N&rsquo; Roll<\/h4>\n<p>Incarnant l&rsquo;esprit brut et rebelle du rock &lsquo;n&rsquo; roll, l&rsquo;enceinte st\u00e9r\u00e9o active portable Kilburn reprend le look et le son incomparables de Marshall, d\u00e9branche les accords et emm\u00e8ne le spectacle sur la route.<\/p>\n<p>Pesant moins de 3,5 kg, le Kilburn est une pi\u00e8ce l\u00e9g\u00e8re d&rsquo;ing\u00e9nierie de style vintage. En tant que l&rsquo;une des enceintes les plus puissantes de sa cat\u00e9gorie, la Kilburn est un h\u00e9ros compact et robuste, dot\u00e9 d&rsquo;un son bien \u00e9quilibr\u00e9, avec des m\u00e9diums clairs et des aigus \u00e9tendus, pour un son \u00e0 la fois articul\u00e9 et prononc\u00e9. Les boutons analogiques vous permettent d&rsquo;adapter les commandes \u00e0 vos pr\u00e9f\u00e9rences personnelles, tandis que la sangle en cuir de type guitare vous permet de voyager facilement et avec style.<\/p>\n<p><a href=\"https:\/\/taggadeal.com\/wp-content\/uploads\/2013\/06\/p1.jpg\"><img fetchpriority=\"high\" decoding=\"async\" class=\"alignnone wp-image-1964 size-full\" src=\"https:\/\/taggadeal.com\/wp-content\/uploads\/2013\/06\/p1.jpg\" alt=\"\" width=\"1170\" height=\"363\" srcset=\"https:\/\/taggadeal.com\/wp-content\/uploads\/2013\/06\/p1.jpg 1170w, https:\/\/taggadeal.com\/wp-content\/uploads\/2013\/06\/p1-600x186.jpg 600w, https:\/\/taggadeal.com\/wp-content\/uploads\/2013\/06\/p1-300x93.jpg 300w, https:\/\/taggadeal.com\/wp-content\/uploads\/2013\/06\/p1-1024x318.jpg 1024w, https:\/\/taggadeal.com\/wp-content\/uploads\/2013\/06\/p1-768x238.jpg 768w, https:\/\/taggadeal.com\/wp-content\/uploads\/2013\/06\/p1-370x115.jpg 370w\" sizes=\"(max-width: 1170px) 100vw, 1170px\" \/><\/a><\/p>\n<h4 style=\"font-size: 16px; font-weight: 600;\">Qu&rsquo;est-ce que vous obtenez<\/h4>\n<p>Sound of Marshall, d\u00e9branche les cordes, et emm\u00e8ne le spectacle sur la route.<br \/>\nPesant moins de 3,5 kg, le Kilburn est une pi\u00e8ce l\u00e9g\u00e8re d&rsquo;ing\u00e9nierie de style vintage. En tant que l&rsquo;une des enceintes les plus puissantes de sa cat\u00e9gorie, la Kilburn est un h\u00e9ros compact et robuste, dot\u00e9 d&rsquo;un son bien \u00e9quilibr\u00e9, avec des m\u00e9diums clairs et des aigus \u00e9tendus, pour un son \u00e0 la fois articul\u00e9 et prononc\u00e9. Les boutons analogiques vous permettent d&rsquo;adapter les commandes \u00e0 vos pr\u00e9f\u00e9rences personnelles, tandis que la sangle en cuir de type guitare vous permet de voyager facilement et avec style.<\/p>\n<p>La radio FM a peut-\u00eatre disparu pour de bon, l&rsquo;hypoth\u00e8se \u00e9tant apparemment que le jury a tranch\u00e9 en faveur du streaming sur Internet. Le blaster infrarouge est une autre caract\u00e9ristique qui devrait \u00eatre mise au rancart : le S6 en \u00e9tait \u00e9quip\u00e9, puis le Note5 ne l&rsquo;\u00e9tait pas, et maintenant, avec le S7, la tendance est claire.<\/p>\n<h4 style=\"font-size: 16px; font-weight: 600;\">Parfaitement fait<\/h4>\n<p>Par ailleurs, la r\u00e9sistance \u00e0 l&rsquo;eau IP68 a \u00e9t\u00e9 am\u00e9lior\u00e9e par rapport au S5, permettant une immersion jusqu&rsquo;\u00e0 1,5 m\u00e8tre pendant 30 minutes, et il n&rsquo;y a plus de clapet g\u00eanant couvrant le port de charge.<\/p>\n<ul>\n<li>Pas de radio FM (sauf pour les appareils T-Mobile aux \u00c9tats-Unis, jusqu&rsquo;\u00e0 pr\u00e9sent)<\/li>\n<li>Pas de blaster IR<\/li>\n<li>Pas de haut-parleurs st\u00e9r\u00e9o<\/li>\n<\/ul>\n<p>Si vous avez plong\u00e9 le t\u00e9l\u00e9phone dans le bain, vous devrez s\u00e9cher le port de charge avant de le brancher. Samsung n&rsquo;a pas r\u00e9invent\u00e9 la roue avec le design du Galaxy S7, mais il n&rsquo;en avait pas besoin. Le Gala S6 \u00e9tait un appareil au style excellent, et le S7 a r\u00e9ussi \u00e0 l&rsquo;am\u00e9liorer.<\/p>\n","protected":false},"excerpt":{"rendered":"<ul>\n<li>Haut-parleur st\u00e9r\u00e9o actif portable et sans contrainte<\/li>\n<li>Lib\u00e9r\u00e9 des limites des fils et des accords<\/li>\n<li>20 heures de capacit\u00e9s portables<\/li>\n<li>Cordon spiral\u00e9 \u00e0 double extr\u00e9mit\u00e9 avec fiches st\u00e9r\u00e9o de 3,5 mm incluses<\/li>\n<li>Tweeters \u00e0 d\u00f4me de 3\/4&Prime; : 2X et Woofer de 4&Prime; : 1X<\/li>\n<\/ul>\n","protected":false},"featured_media":4808,"comment_status":"open","ping_status":"closed","template":"","meta":[],"product_cat":[1088],"product_tag":[339,341],"class_list":{"0":"post-5797","1":"product","2":"type-product","3":"status-publish","4":"has-post-thumbnail","6":"product_brand-xbox-fr","7":"product_cat-all-categories","8":"product_tag-sans-fil","9":"product_tag-xbox-fr","11":"first","12":"instock","13":"featured","14":"taxable","15":"shipping-taxable","16":"purchasable","17":"product-type-simple","18":"col-xs-6 col-sm-4","19":"col-mf-5","20":"un-5-cols"},"jetpack_sharing_enabled":true,"_links":{"self":[{"href":"https:\/\/taggadeal.com\/fr\/wp-json\/wp\/v2\/product\/5797","targetHints":{"allow":["GET"]}}],"collection":[{"href":"https:\/\/taggadeal.com\/fr\/wp-json\/wp\/v2\/product"}],"about":[{"href":"https:\/\/taggadeal.com\/fr\/wp-json\/wp\/v2\/types\/product"}],"replies":[{"embeddable":true,"href":"https:\/\/taggadeal.com\/fr\/wp-json\/wp\/v2\/comments?post=5797"}],"wp:featuredmedia":[{"embeddable":true,"href":"https:\/\/taggadeal.com\/fr\/wp-json\/wp\/v2\/media\/4808"}],"wp:attachment":[{"href":"https:\/\/taggadeal.com\/fr\/wp-json\/wp\/v2\/media?parent=5797"}],"wp:term":[{"taxonomy":"product_cat","embeddable":true,"href":"https:\/\/taggadeal.com\/fr\/wp-json\/wp\/v2\/product_cat?post=5797"},{"taxonomy":"product_tag","embeddable":true,"href":"https:\/\/taggadeal.com\/fr\/wp-json\/wp\/v2\/product_tag?post=5797"}],"curies":[{"name":"wp","href":"https:\/\/api.w.org\/{rel}","templated":true}]}}