{"id":5847,"date":"2017-12-19T05:00:47","date_gmt":"2017-12-19T05:00:47","guid":{"rendered":"https:\/\/taggadeal.com\/product\/altavoz-inalambrico-portatil-marshall-kilburn\/"},"modified":"2022-07-23T15:21:04","modified_gmt":"2022-07-23T15:21:04","slug":"marshall-kilburn-portable-wireless-speaker-2","status":"publish","type":"product","link":"https:\/\/taggadeal.com\/es\/product\/marshall-kilburn-portable-wireless-speaker-2\/","title":{"rendered":"Altavoz inal\u00e1mbrico port\u00e1til Marshall Kilburn"},"content":{"rendered":"<h4 style=\"font-size: 16px; font-weight: 600;\">Encarnando el esp\u00edritu crudo y rebelde del Rock &#8216;N&#8217; Roll<\/h4>\n<p>Encarnando el esp\u00edritu crudo y caprichoso del rock &#8216;n&#8217; roll, el altavoz est\u00e9reo activo port\u00e1til Kilburn toma el aspecto y el sonido inconfundibles de Marshall, desenchufa los acordes y se lleva el espect\u00e1culo a la carretera.<\/p>\n<p>Con un peso inferior a 7 libras, la Kilburn es una pieza ligera de ingenier\u00eda de estilo vintage. Estableciendo el list\u00f3n como uno de los altavoces m\u00e1s potentes de su clase, el Kilburn es un h\u00e9roe compacto y robusto con un audio bien equilibrado que cuenta con un rango medio claro y agudos extendidos para un sonido que es a la vez articulado y pronunciado. Los mandos anal\u00f3gicos le permiten ajustar los controles a sus preferencias personales, mientras que la correa de cuero con influencia de guitarra permite viajar con facilidad y estilo.<\/p>\n<p><a href=\"https:\/\/taggadeal.com\/wp-content\/uploads\/2013\/06\/p1.jpg\"><img fetchpriority=\"high\" decoding=\"async\" class=\"alignnone wp-image-1964 size-full\" src=\"https:\/\/taggadeal.com\/wp-content\/uploads\/2013\/06\/p1.jpg\" alt=\"\" width=\"1170\" height=\"363\" srcset=\"https:\/\/taggadeal.com\/wp-content\/uploads\/2013\/06\/p1.jpg 1170w, https:\/\/taggadeal.com\/wp-content\/uploads\/2013\/06\/p1-600x186.jpg 600w, https:\/\/taggadeal.com\/wp-content\/uploads\/2013\/06\/p1-300x93.jpg 300w, https:\/\/taggadeal.com\/wp-content\/uploads\/2013\/06\/p1-1024x318.jpg 1024w, https:\/\/taggadeal.com\/wp-content\/uploads\/2013\/06\/p1-768x238.jpg 768w, https:\/\/taggadeal.com\/wp-content\/uploads\/2013\/06\/p1-370x115.jpg 370w\" sizes=\"(max-width: 1170px) 100vw, 1170px\" \/><\/a><\/p>\n<h4 style=\"font-size: 16px; font-weight: 600;\">\u00bfQu\u00e9 se consigue?<\/h4>\n<p>Sonido de Marshall, desenchufa los acordes y se lleva el espect\u00e1culo a la carretera.<br \/>\nCon un peso inferior a 7 libras, la Kilburn es una pieza ligera de ingenier\u00eda de estilo vintage. Estableciendo el list\u00f3n como uno de los altavoces m\u00e1s potentes de su clase, el Kilburn es un h\u00e9roe compacto y robusto con un audio bien equilibrado que cuenta con un rango medio claro y agudos extendidos para un sonido que es a la vez articulado y pronunciado. Los mandos anal\u00f3gicos le permiten ajustar los controles a sus preferencias personales, mientras que la correa de cuero con influencia de guitarra permite viajar con facilidad y estilo.<\/p>\n<p>La radio FM tal vez haya desaparecido definitivamente, pues se supone que el jurado ha fallado a favor de la transmisi\u00f3n por Internet. El blaster IR es otra de las caracter\u00edsticas que deben retirarse: el S6 lo ten\u00eda, luego el Note5 no, y ahora con el S7 la tendencia es clara.<\/p>\n<h4 style=\"font-size: 16px; font-weight: 600;\">Perfectamente hecho<\/h4>\n<p>Por su parte, la resistencia al agua IP68 ha mejorado con respecto al S5, permitiendo la inmersi\u00f3n de hasta metro y medio durante 30 minutos, adem\u00e1s de no tener la molesta solapa que cubre el puerto de carga<\/p>\n<ul>\n<li>No hay radio FM (excepto en las unidades de T-Mobile en Estados Unidos, hasta ahora)<\/li>\n<li>No hay blaster IR<\/li>\n<li>Sin altavoces est\u00e9reo<\/li>\n<\/ul>\n<p>Si te has metido el tel\u00e9fono en la ba\u00f1era, tendr\u00e1s que secar el puerto de carga antes de enchufarlo. Samsung no ha reinventado la rueda con el dise\u00f1o del Galaxy S7, pero no lo necesitaba. El Gala S6 era un dispositivo con un estilo excelente, y el S7 ha conseguido mejorarlo.<\/p>\n","protected":false},"excerpt":{"rendered":"<ul>\n<li>Altavoz est\u00e9reo activo sin restricciones y port\u00e1til<\/li>\n<li>Libre de los confines de los cables y las cuerdas<\/li>\n<li>20 horas de capacidades port\u00e1tiles<\/li>\n<li>Cable de doble bobina con clavijas est\u00e9reo de 3,5 mm incluido<\/li>\n<li>Tweeters de c\u00fapula de 3\/4&#8243;: 2X y Woofer de 4&#8243;: 1X<\/li>\n<\/ul>\n","protected":false},"featured_media":6135,"comment_status":"open","ping_status":"closed","template":"","meta":[],"product_cat":[562,559],"product_tag":[580,540],"class_list":{"0":"post-5847","1":"product","2":"type-product","3":"status-publish","4":"has-post-thumbnail","6":"product_cat-bolsas","7":"product_cat-ropa-y-prendas-de-vestir","8":"product_tag-inalambrico","9":"product_tag-tecnologias-es","11":"first","12":"instock","13":"taxable","14":"shipping-taxable","15":"purchasable","16":"product-type-variable","17":"col-xs-6 col-sm-4","18":"col-mf-5","19":"un-5-cols"},"jetpack_sharing_enabled":true,"_links":{"self":[{"href":"https:\/\/taggadeal.com\/es\/wp-json\/wp\/v2\/product\/5847","targetHints":{"allow":["GET"]}}],"collection":[{"href":"https:\/\/taggadeal.com\/es\/wp-json\/wp\/v2\/product"}],"about":[{"href":"https:\/\/taggadeal.com\/es\/wp-json\/wp\/v2\/types\/product"}],"replies":[{"embeddable":true,"href":"https:\/\/taggadeal.com\/es\/wp-json\/wp\/v2\/comments?post=5847"}],"wp:featuredmedia":[{"embeddable":true,"href":"https:\/\/taggadeal.com\/es\/wp-json\/wp\/v2\/media\/6135"}],"wp:attachment":[{"href":"https:\/\/taggadeal.com\/es\/wp-json\/wp\/v2\/media?parent=5847"}],"wp:term":[{"taxonomy":"product_cat","embeddable":true,"href":"https:\/\/taggadeal.com\/es\/wp-json\/wp\/v2\/product_cat?post=5847"},{"taxonomy":"product_tag","embeddable":true,"href":"https:\/\/taggadeal.com\/es\/wp-json\/wp\/v2\/product_tag?post=5847"}],"curies":[{"name":"wp","href":"https:\/\/api.w.org\/{rel}","templated":true}]}}