{"id":5530,"date":"2017-11-28T08:28:53","date_gmt":"2017-11-28T08:28:53","guid":{"rendered":"https:\/\/taggadeal.com\/preguntas-frecuentes\/"},"modified":"2022-07-19T07:06:04","modified_gmt":"2022-07-19T07:06:04","slug":"preguntas-frecuentes","status":"publish","type":"page","link":"https:\/\/taggadeal.com\/es\/preguntas-frecuentes\/","title":{"rendered":"Preguntas frecuentes"},"content":{"rendered":"\t\t<div data-elementor-type=\"wp-post\" data-elementor-id=\"5530\" class=\"elementor elementor-5530\">\n\t\t\t\t\t\t<section class=\"elementor-section elementor-top-section elementor-element elementor-element-6f49911d elementor-section-boxed elementor-section-height-default elementor-section-height-default\" data-id=\"6f49911d\" data-element_type=\"section\">\n\t\t\t\t\t\t<div class=\"elementor-container elementor-column-gap-default\">\n\t\t\t\t\t<div class=\"elementor-column elementor-col-100 elementor-top-column elementor-element elementor-element-3b5451ff\" data-id=\"3b5451ff\" data-element_type=\"column\">\n\t\t\t<div class=\"elementor-widget-wrap elementor-element-populated\">\n\t\t\t\t\t\t<div class=\"elementor-element elementor-element-59f1b43f elementor-widget elementor-widget-spacer\" data-id=\"59f1b43f\" data-element_type=\"widget\" data-widget_type=\"spacer.default\">\n\t\t\t\t<div class=\"elementor-widget-container\">\n\t\t\t<style>\/*! elementor - v3.23.0 - 15-07-2024 *\/\n.elementor-column .elementor-spacer-inner{height:var(--spacer-size)}.e-con{--container-widget-width:100%}.e-con-inner>.elementor-widget-spacer,.e-con>.elementor-widget-spacer{width:var(--container-widget-width,var(--spacer-size));--align-self:var(--container-widget-align-self,initial);--flex-shrink:0}.e-con-inner>.elementor-widget-spacer>.elementor-widget-container,.e-con>.elementor-widget-spacer>.elementor-widget-container{height:100%;width:100%}.e-con-inner>.elementor-widget-spacer>.elementor-widget-container>.elementor-spacer,.e-con>.elementor-widget-spacer>.elementor-widget-container>.elementor-spacer{height:100%}.e-con-inner>.elementor-widget-spacer>.elementor-widget-container>.elementor-spacer>.elementor-spacer-inner,.e-con>.elementor-widget-spacer>.elementor-widget-container>.elementor-spacer>.elementor-spacer-inner{height:var(--container-widget-height,var(--spacer-size))}.e-con-inner>.elementor-widget-spacer.elementor-widget-empty,.e-con>.elementor-widget-spacer.elementor-widget-empty{position:relative;min-height:22px;min-width:22px}.e-con-inner>.elementor-widget-spacer.elementor-widget-empty .elementor-widget-empty-icon,.e-con>.elementor-widget-spacer.elementor-widget-empty .elementor-widget-empty-icon{position:absolute;top:0;bottom:0;left:0;right:0;margin:auto;padding:0;width:22px;height:22px}<\/style>\t\t<div class=\"elementor-spacer\">\n\t\t\t<div class=\"elementor-spacer-inner\"><\/div>\n\t\t<\/div>\n\t\t\t\t<\/div>\n\t\t\t\t<\/div>\n\t\t\t\t\t<\/div>\n\t\t<\/div>\n\t\t\t\t\t<\/div>\n\t\t<\/section>\n\t\t\t\t<section class=\"elementor-section elementor-top-section elementor-element elementor-element-488af688 elementor-section-boxed elementor-section-height-default elementor-section-height-default\" data-id=\"488af688\" data-element_type=\"section\">\n\t\t\t\t\t\t<div class=\"elementor-container elementor-column-gap-default\">\n\t\t\t\t\t<div class=\"elementor-column elementor-col-100 elementor-top-column elementor-element elementor-element-27615e6d\" data-id=\"27615e6d\" data-element_type=\"column\">\n\t\t\t<div class=\"elementor-widget-wrap elementor-element-populated\">\n\t\t\t\t\t\t<div class=\"elementor-element elementor-element-3bf1d0b5 elementor-widget elementor-widget-heading\" data-id=\"3bf1d0b5\" data-element_type=\"widget\" data-widget_type=\"heading.default\">\n\t\t\t\t<div class=\"elementor-widget-container\">\n\t\t\t<style>\/*! elementor - v3.23.0 - 15-07-2024 *\/\n.elementor-heading-title{padding:0;margin:0;line-height:1}.elementor-widget-heading .elementor-heading-title[class*=elementor-size-]>a{color:inherit;font-size:inherit;line-height:inherit}.elementor-widget-heading .elementor-heading-title.elementor-size-small{font-size:15px}.elementor-widget-heading .elementor-heading-title.elementor-size-medium{font-size:19px}.elementor-widget-heading .elementor-heading-title.elementor-size-large{font-size:29px}.elementor-widget-heading .elementor-heading-title.elementor-size-xl{font-size:39px}.elementor-widget-heading .elementor-heading-title.elementor-size-xxl{font-size:59px}<\/style><h2 class=\"elementor-heading-title elementor-size-default\">Preguntas frecuentes<\/h2>\t\t<\/div>\n\t\t\t\t<\/div>\n\t\t\t\t<div class=\"elementor-element elementor-element-7d329aac elementor-widget elementor-widget-spacer\" data-id=\"7d329aac\" data-element_type=\"widget\" data-widget_type=\"spacer.default\">\n\t\t\t\t<div class=\"elementor-widget-container\">\n\t\t\t\t\t<div class=\"elementor-spacer\">\n\t\t\t<div class=\"elementor-spacer-inner\"><\/div>\n\t\t<\/div>\n\t\t\t\t<\/div>\n\t\t\t\t<\/div>\n\t\t\t\t\t<\/div>\n\t\t<\/div>\n\t\t\t\t\t<\/div>\n\t\t<\/section>\n\t\t\t\t<section class=\"elementor-section elementor-top-section elementor-element elementor-element-6bed7545 elementor-section-boxed elementor-section-height-default elementor-section-height-default\" data-id=\"6bed7545\" data-element_type=\"section\">\n\t\t\t\t\t\t<div class=\"elementor-container elementor-column-gap-default\">\n\t\t\t\t\t<div class=\"elementor-column elementor-col-100 elementor-top-column elementor-element elementor-element-1395eff2\" data-id=\"1395eff2\" data-element_type=\"column\">\n\t\t\t<div class=\"elementor-widget-wrap elementor-element-populated\">\n\t\t\t\t\t\t<div class=\"elementor-element elementor-element-650f37af elementor-widget elementor-widget-martfury-faqs\" data-id=\"650f37af\" data-element_type=\"widget\" data-widget_type=\"martfury-faqs.default\">\n\t\t\t\t<div class=\"elementor-widget-container\">\n\t\t\t<div class=\"martfury-faq_group\"><div class=\"row\"><div class=\"col-gtitle col-md-3 col-sm-3 col-xs-12\"><h2 class=\"g-title\">ENV\u00cdO<\/h2><\/div><div class=\"col-md-9 col-sm-9 col-xs-12\"><div class=\"row\"><div class=\"faq-item\"><div class=\"col-title col-md-5 col-sm-5 col-xs-12\"> <h3 class=\"title\">  \u00bfQu\u00e9 m\u00e9todos de env\u00edo est\u00e1n disponibles?<\/h3><\/div><div class=\"col-md-7 col-sm-7 col-xs-12\"> <div class=\"desc\">Ex bigote de Pitchfork de Portland. Eutra fap antes de que se agoten literalmente. Aliquip ugh derechos de la bicicleta en realidad mlkshk, seit\u00e1n calamar cerveza artesanal temporal.<\/div><\/div><\/div><div class=\"faq-item\"><div class=\"col-title col-md-5 col-sm-5 col-xs-12\"> <h3 class=\"title\">\u00bfRealizan env\u00edos internacionales?<\/h3><\/div><div class=\"col-md-7 col-sm-7 col-xs-12\"> <div class=\"desc\">Sudadera tote bag mixtape tofu. Pantalones cortos vaqueros de m\u00e1quina de escribir quinoa de lobo, bolsa de mensajero org\u00e1nica freegan cray.<\/div><\/div><\/div><div class=\"faq-item\"><div class=\"col-title col-md-5 col-sm-5 col-xs-12\"> <h3 class=\"title\">\u00bfCu\u00e1nto tiempo tardar\u00e1 en llegar mi paquete?<\/h3><\/div><div class=\"col-md-7 col-sm-7 col-xs-12\"> <div class=\"desc\">\nSwag quinoa de carbohidratos lentos VHS panza de cerdo brunch, paleo caf\u00e9 de origen \u00fanico Wes Anderson. Forraje flexitariano Pitchfork, literalmente paleo fap pour-over. Wes Anderson Pinterest YOLO fanny pack meggings, deep v XOXO chambray sostenible slow-carb raw denim church-key fap chillwave Etsy. +1 m\u00e1quina de escribir kitsch, American Apparel tofu Banksy Vice.<\/div><\/div><\/div><\/div><\/div><\/div><\/div>\t\t<\/div>\n\t\t\t\t<\/div>\n\t\t\t\t<div class=\"elementor-element elementor-element-7492c80f elementor-widget elementor-widget-spacer\" data-id=\"7492c80f\" data-element_type=\"widget\" data-widget_type=\"spacer.default\">\n\t\t\t\t<div class=\"elementor-widget-container\">\n\t\t\t\t\t<div class=\"elementor-spacer\">\n\t\t\t<div class=\"elementor-spacer-inner\"><\/div>\n\t\t<\/div>\n\t\t\t\t<\/div>\n\t\t\t\t<\/div>\n\t\t\t\t<div class=\"elementor-element elementor-element-6fbdc006 elementor-widget-divider--view-line elementor-widget elementor-widget-divider\" data-id=\"6fbdc006\" data-element_type=\"widget\" data-widget_type=\"divider.default\">\n\t\t\t\t<div class=\"elementor-widget-container\">\n\t\t\t<style>\/*! elementor - v3.23.0 - 15-07-2024 *\/\n.elementor-widget-divider{--divider-border-style:none;--divider-border-width:1px;--divider-color:#0c0d0e;--divider-icon-size:20px;--divider-element-spacing:10px;--divider-pattern-height:24px;--divider-pattern-size:20px;--divider-pattern-url:none;--divider-pattern-repeat:repeat-x}.elementor-widget-divider .elementor-divider{display:flex}.elementor-widget-divider .elementor-divider__text{font-size:15px;line-height:1;max-width:95%}.elementor-widget-divider .elementor-divider__element{margin:0 var(--divider-element-spacing);flex-shrink:0}.elementor-widget-divider .elementor-icon{font-size:var(--divider-icon-size)}.elementor-widget-divider .elementor-divider-separator{display:flex;margin:0;direction:ltr}.elementor-widget-divider--view-line_icon .elementor-divider-separator,.elementor-widget-divider--view-line_text .elementor-divider-separator{align-items:center}.elementor-widget-divider--view-line_icon .elementor-divider-separator:after,.elementor-widget-divider--view-line_icon .elementor-divider-separator:before,.elementor-widget-divider--view-line_text .elementor-divider-separator:after,.elementor-widget-divider--view-line_text .elementor-divider-separator:before{display:block;content:\"\";border-block-end:0;flex-grow:1;border-block-start:var(--divider-border-width) var(--divider-border-style) var(--divider-color)}.elementor-widget-divider--element-align-left .elementor-divider .elementor-divider-separator>.elementor-divider__svg:first-of-type{flex-grow:0;flex-shrink:100}.elementor-widget-divider--element-align-left .elementor-divider-separator:before{content:none}.elementor-widget-divider--element-align-left .elementor-divider__element{margin-left:0}.elementor-widget-divider--element-align-right .elementor-divider .elementor-divider-separator>.elementor-divider__svg:last-of-type{flex-grow:0;flex-shrink:100}.elementor-widget-divider--element-align-right .elementor-divider-separator:after{content:none}.elementor-widget-divider--element-align-right .elementor-divider__element{margin-right:0}.elementor-widget-divider--element-align-start .elementor-divider .elementor-divider-separator>.elementor-divider__svg:first-of-type{flex-grow:0;flex-shrink:100}.elementor-widget-divider--element-align-start .elementor-divider-separator:before{content:none}.elementor-widget-divider--element-align-start .elementor-divider__element{margin-inline-start:0}.elementor-widget-divider--element-align-end .elementor-divider .elementor-divider-separator>.elementor-divider__svg:last-of-type{flex-grow:0;flex-shrink:100}.elementor-widget-divider--element-align-end .elementor-divider-separator:after{content:none}.elementor-widget-divider--element-align-end .elementor-divider__element{margin-inline-end:0}.elementor-widget-divider:not(.elementor-widget-divider--view-line_text):not(.elementor-widget-divider--view-line_icon) .elementor-divider-separator{border-block-start:var(--divider-border-width) var(--divider-border-style) var(--divider-color)}.elementor-widget-divider--separator-type-pattern{--divider-border-style:none}.elementor-widget-divider--separator-type-pattern.elementor-widget-divider--view-line .elementor-divider-separator,.elementor-widget-divider--separator-type-pattern:not(.elementor-widget-divider--view-line) .elementor-divider-separator:after,.elementor-widget-divider--separator-type-pattern:not(.elementor-widget-divider--view-line) .elementor-divider-separator:before,.elementor-widget-divider--separator-type-pattern:not([class*=elementor-widget-divider--view]) .elementor-divider-separator{width:100%;min-height:var(--divider-pattern-height);-webkit-mask-size:var(--divider-pattern-size) 100%;mask-size:var(--divider-pattern-size) 100%;-webkit-mask-repeat:var(--divider-pattern-repeat);mask-repeat:var(--divider-pattern-repeat);background-color:var(--divider-color);-webkit-mask-image:var(--divider-pattern-url);mask-image:var(--divider-pattern-url)}.elementor-widget-divider--no-spacing{--divider-pattern-size:auto}.elementor-widget-divider--bg-round{--divider-pattern-repeat:round}.rtl .elementor-widget-divider .elementor-divider__text{direction:rtl}.e-con-inner>.elementor-widget-divider,.e-con>.elementor-widget-divider{width:var(--container-widget-width,100%);--flex-grow:var(--container-widget-flex-grow)}<\/style>\t\t<div class=\"elementor-divider\">\n\t\t\t<span class=\"elementor-divider-separator\">\n\t\t\t\t\t\t<\/span>\n\t\t<\/div>\n\t\t\t\t<\/div>\n\t\t\t\t<\/div>\n\t\t\t\t<div class=\"elementor-element elementor-element-42af1fc6 elementor-widget elementor-widget-spacer\" data-id=\"42af1fc6\" data-element_type=\"widget\" data-widget_type=\"spacer.default\">\n\t\t\t\t<div class=\"elementor-widget-container\">\n\t\t\t\t\t<div class=\"elementor-spacer\">\n\t\t\t<div class=\"elementor-spacer-inner\"><\/div>\n\t\t<\/div>\n\t\t\t\t<\/div>\n\t\t\t\t<\/div>\n\t\t\t\t<div class=\"elementor-element elementor-element-1288a85f elementor-widget elementor-widget-martfury-faqs\" data-id=\"1288a85f\" data-element_type=\"widget\" data-widget_type=\"martfury-faqs.default\">\n\t\t\t\t<div class=\"elementor-widget-container\">\n\t\t\t<div class=\"martfury-faq_group\"><div class=\"row\"><div class=\"col-gtitle col-md-3 col-sm-3 col-xs-12\"><h2 class=\"g-title\">PAGO<\/h2><\/div><div class=\"col-md-9 col-sm-9 col-xs-12\"><div class=\"row\"><div class=\"faq-item\"><div class=\"col-title col-md-5 col-sm-5 col-xs-12\"> <h3 class=\"title\">  \u00bfQu\u00e9 m\u00e9todos de pago se aceptan?<\/h3><\/div><div class=\"col-md-7 col-sm-7 col-xs-12\"> <div class=\"desc\">\nHacha de la moda DIY jean shorts, swag kale chips meh polaroid kogi butcher Wes Anderson chambray next level semiotics gentrify yr. Voluptate photo booth fugiat Vice. Austin sed Williamsburg, ea labore raw denim voluptate cred proident mixtape excepteur mustache. Twee chia photo booth readymade food truck, hoodie roof party swag keytar PBR DIY.<\/div><\/div><\/div><div class=\"faq-item\"><div class=\"col-title col-md-5 col-sm-5 col-xs-12\"> <h3 class=\"title\">\u00bfEs seguro comprar en l\u00ednea?<\/h3><\/div><div class=\"col-md-7 col-sm-7 col-xs-12\"> <div class=\"desc\">\nArt party authentic freegan semiotics jean shorts chia cred. Fiesta en el techo de Neutra Austin Brooklyn, cabina de fotos de 8 bits con el bot\u00edn de los Thundercats. Leggings letterpress a cuadros cerveza artesanal meh \u00e9tica Pinterest.<\/div><\/div><\/div><\/div><\/div><\/div><\/div>\t\t<\/div>\n\t\t\t\t<\/div>\n\t\t\t\t<div class=\"elementor-element elementor-element-75680b5e elementor-widget elementor-widget-spacer\" data-id=\"75680b5e\" data-element_type=\"widget\" data-widget_type=\"spacer.default\">\n\t\t\t\t<div class=\"elementor-widget-container\">\n\t\t\t\t\t<div class=\"elementor-spacer\">\n\t\t\t<div class=\"elementor-spacer-inner\"><\/div>\n\t\t<\/div>\n\t\t\t\t<\/div>\n\t\t\t\t<\/div>\n\t\t\t\t<div class=\"elementor-element elementor-element-42e7163b elementor-widget-divider--view-line elementor-widget elementor-widget-divider\" data-id=\"42e7163b\" data-element_type=\"widget\" data-widget_type=\"divider.default\">\n\t\t\t\t<div class=\"elementor-widget-container\">\n\t\t\t\t\t<div class=\"elementor-divider\">\n\t\t\t<span class=\"elementor-divider-separator\">\n\t\t\t\t\t\t<\/span>\n\t\t<\/div>\n\t\t\t\t<\/div>\n\t\t\t\t<\/div>\n\t\t\t\t<div class=\"elementor-element elementor-element-49b1ded9 elementor-widget elementor-widget-spacer\" data-id=\"49b1ded9\" data-element_type=\"widget\" data-widget_type=\"spacer.default\">\n\t\t\t\t<div class=\"elementor-widget-container\">\n\t\t\t\t\t<div class=\"elementor-spacer\">\n\t\t\t<div class=\"elementor-spacer-inner\"><\/div>\n\t\t<\/div>\n\t\t\t\t<\/div>\n\t\t\t\t<\/div>\n\t\t\t\t<div class=\"elementor-element elementor-element-2c936feb elementor-widget elementor-widget-martfury-faqs\" data-id=\"2c936feb\" data-element_type=\"widget\" data-widget_type=\"martfury-faqs.default\">\n\t\t\t\t<div class=\"elementor-widget-container\">\n\t\t\t<div class=\"martfury-faq_group\"><div class=\"row\"><div class=\"col-gtitle col-md-3 col-sm-3 col-xs-12\"><h2 class=\"g-title\">Pedidos y devoluciones<\/h2><\/div><div class=\"col-md-9 col-sm-9 col-xs-12\"><div class=\"row\"><div class=\"faq-item\"><div class=\"col-title col-md-5 col-sm-5 col-xs-12\"> <h3 class=\"title\">\u00bfC\u00f3mo hago un pedido?<\/h3><\/div><div class=\"col-md-7 col-sm-7 col-xs-12\"> <div class=\"desc\">Keytar cray slow-carb, Godard banh mi salvia pour-over. Normcore de seit\u00e1n de carbohidratos lentos de Odd Future. Master cleanse American Apparel gentrificar barba flexitariana slow-carb siguiente nivel. Raw denim polaroid paleo farm-to-table, put a bird on it lo-fi tattooed Wes Anderson Pinterest letterpress. Fingerstache McSweeney's pour-over, letterpress Schlitz photo booth master cleanse bespoke hashtag chillwave gentrify.<\/div><\/div><\/div><div class=\"faq-item\"><div class=\"col-title col-md-5 col-sm-5 col-xs-12\"> <h3 class=\"title\">\u00bfC\u00f3mo puedo cancelar o modificar mi pedido?<\/h3><\/div><div class=\"col-md-7 col-sm-7 col-xs-12\"> <div class=\"desc\">Leggings letterpress a cuadros cerveza artesanal meh \u00e9tica Pinterest. Art party authentic freegan semiotics jean shorts chia cred. Fiesta en el techo de Neutra Austin Brooklyn, cabina de fotos de 8 bits con el bot\u00edn de los Thundercats.<\/div><\/div><\/div><div class=\"faq-item\"><div class=\"col-title col-md-5 col-sm-5 col-xs-12\"> <h3 class=\"title\">\u00bfNecesito una cuenta para hacer un pedido?<\/h3><\/div><div class=\"col-md-7 col-sm-7 col-xs-12\"> <div class=\"desc\">\nCabina de fotos de los Thundercats en 8 bits. Leggings letterpress a cuadros cerveza artesanal meh \u00e9tica Pinterest. Twee chia photo booth readymade food truck, hoodie roof party swag keytar PBR DIY. Cray ugh 3 wolf moon fap, fashion axe irony butcher cornhole typewriter chambray VHS banjo street art.<\/div><\/div><\/div><div class=\"faq-item\"><div class=\"col-title col-md-5 col-sm-5 col-xs-12\"> <h3 class=\"title\">\u00bfC\u00f3mo puedo seguir mi pedido?<\/h3><\/div><div class=\"col-md-7 col-sm-7 col-xs-12\"> <div class=\"desc\">Keytar cray slow-carb, Godard banh mi salvia pour-over. Slow-carb @Odd Future seitan normcore. Master cleanse American Apparel gentrificar barba flexitariana slow-carb siguiente nivel.<\/div><\/div><\/div><div class=\"faq-item\"><div class=\"col-title col-md-5 col-sm-5 col-xs-12\"> <h3 class=\"title\">\u00bfC\u00f3mo puedo devolver un producto?<\/h3><\/div><div class=\"col-md-7 col-sm-7 col-xs-12\"> <div class=\"desc\">Kale chips Truffaut Williamsburg, hashtag fixie Pinterest raw denim c hambray drinking vinegar Carles street art Bushwick gastropub. Wolf Tumblr paleo iglesia-llave. Plaid food truck Echo Park YOLO bitters hella, direct trade Thundercats leggings quinoa antes de que se agoten. Probablemente no has o\u00eddo hablar de ellos wayfarers aut\u00e9ntico umami beber vinagre Pinterest Cosby su\u00e9ter, bigote fap High Life.<\/div><\/div><\/div><\/div><\/div><\/div><\/div>\t\t<\/div>\n\t\t\t\t<\/div>\n\t\t\t\t<div class=\"elementor-element elementor-element-5201832e elementor-widget elementor-widget-spacer\" data-id=\"5201832e\" data-element_type=\"widget\" data-widget_type=\"spacer.default\">\n\t\t\t\t<div class=\"elementor-widget-container\">\n\t\t\t\t\t<div class=\"elementor-spacer\">\n\t\t\t<div class=\"elementor-spacer-inner\"><\/div>\n\t\t<\/div>\n\t\t\t\t<\/div>\n\t\t\t\t<\/div>\n\t\t\t\t\t<\/div>\n\t\t<\/div>\n\t\t\t\t\t<\/div>\n\t\t<\/section>\n\t\t\t\t<section class=\"elementor-section elementor-top-section elementor-element elementor-element-6d7554cc elementor-section-stretched elementor-section-boxed elementor-section-height-default elementor-section-height-default\" data-id=\"6d7554cc\" data-element_type=\"section\" data-settings=\"{&quot;stretch_section&quot;:&quot;section-stretched&quot;,&quot;background_background&quot;:&quot;classic&quot;}\">\n\t\t\t\t\t\t<div class=\"elementor-container elementor-column-gap-default\">\n\t\t\t\t\t<div class=\"elementor-column elementor-col-100 elementor-top-column elementor-element elementor-element-22c8467\" data-id=\"22c8467\" data-element_type=\"column\">\n\t\t\t<div class=\"elementor-widget-wrap elementor-element-populated\">\n\t\t\t\t\t\t<div class=\"elementor-element elementor-element-4cba6143 elementor-widget elementor-widget-spacer\" data-id=\"4cba6143\" data-element_type=\"widget\" data-widget_type=\"spacer.default\">\n\t\t\t\t<div class=\"elementor-widget-container\">\n\t\t\t\t\t<div class=\"elementor-spacer\">\n\t\t\t<div class=\"elementor-spacer-inner\"><\/div>\n\t\t<\/div>\n\t\t\t\t<\/div>\n\t\t\t\t<\/div>\n\t\t\t\t<div class=\"elementor-element elementor-element-2e54b203 elementor-widget elementor-widget-text-editor\" data-id=\"2e54b203\" data-element_type=\"widget\" data-widget_type=\"text-editor.default\">\n\t\t\t\t<div class=\"elementor-widget-container\">\n\t\t\t<style>\/*! elementor - v3.23.0 - 15-07-2024 *\/\n.elementor-widget-text-editor.elementor-drop-cap-view-stacked .elementor-drop-cap{background-color:#69727d;color:#fff}.elementor-widget-text-editor.elementor-drop-cap-view-framed .elementor-drop-cap{color:#69727d;border:3px solid;background-color:transparent}.elementor-widget-text-editor:not(.elementor-drop-cap-view-default) .elementor-drop-cap{margin-top:8px}.elementor-widget-text-editor:not(.elementor-drop-cap-view-default) .elementor-drop-cap-letter{width:1em;height:1em}.elementor-widget-text-editor .elementor-drop-cap{float:left;text-align:center;line-height:1;font-size:50px}.elementor-widget-text-editor .elementor-drop-cap-letter{display:inline-block}<\/style>\t\t\t\t<div class=\"text-center\">\u00a1Estamos aqu\u00ed para ayudar!  <a class=\"primary-color\" style=\"text-decoration: underline;\" href=\"#\">Contacto con nosotros<\/a><\/div>\t\t\t\t\t\t<\/div>\n\t\t\t\t<\/div>\n\t\t\t\t<div class=\"elementor-element elementor-element-379fdadb elementor-widget elementor-widget-spacer\" data-id=\"379fdadb\" data-element_type=\"widget\" data-widget_type=\"spacer.default\">\n\t\t\t\t<div class=\"elementor-widget-container\">\n\t\t\t\t\t<div class=\"elementor-spacer\">\n\t\t\t<div class=\"elementor-spacer-inner\"><\/div>\n\t\t<\/div>\n\t\t\t\t<\/div>\n\t\t\t\t<\/div>\n\t\t\t\t\t<\/div>\n\t\t<\/div>\n\t\t\t\t\t<\/div>\n\t\t<\/section>\n\t\t\t\t<\/div>\n\t\t","protected":false},"excerpt":{"rendered":"<p>Preguntas frecuentes ENV\u00cdO \u00bfQu\u00e9 m\u00e9todos de env\u00edo est\u00e1n disponibles? Ex bigote de Pitchfork de Portland. Eutra fap antes de que se agoten literalmente. Aliquip ugh derechos de la bicicleta en realidad mlkshk, seit\u00e1n calamar cerveza artesanal temporal. \u00bfRealizan env\u00edos internacionales? Sudadera tote bag mixtape tofu. Pantalones cortos vaqueros de m\u00e1quina de escribir quinoa de lobo,&hellip;<\/p>\n","protected":false},"author":1,"featured_media":0,"parent":0,"menu_order":0,"comment_status":"closed","ping_status":"closed","template":"","meta":{"footnotes":""},"class_list":["post-5530","page","type-page","status-publish","hentry"],"jetpack_sharing_enabled":true,"_links":{"self":[{"href":"https:\/\/taggadeal.com\/es\/wp-json\/wp\/v2\/pages\/5530","targetHints":{"allow":["GET"]}}],"collection":[{"href":"https:\/\/taggadeal.com\/es\/wp-json\/wp\/v2\/pages"}],"about":[{"href":"https:\/\/taggadeal.com\/es\/wp-json\/wp\/v2\/types\/page"}],"author":[{"embeddable":true,"href":"https:\/\/taggadeal.com\/es\/wp-json\/wp\/v2\/users\/1"}],"replies":[{"embeddable":true,"href":"https:\/\/taggadeal.com\/es\/wp-json\/wp\/v2\/comments?post=5530"}],"version-history":[{"count":1,"href":"https:\/\/taggadeal.com\/es\/wp-json\/wp\/v2\/pages\/5530\/revisions"}],"predecessor-version":[{"id":5531,"href":"https:\/\/taggadeal.com\/es\/wp-json\/wp\/v2\/pages\/5530\/revisions\/5531"}],"wp:attachment":[{"href":"https:\/\/taggadeal.com\/es\/wp-json\/wp\/v2\/media?parent=5530"}],"curies":[{"name":"wp","href":"https:\/\/api.w.org\/{rel}","templated":true}]}}