{"id":5869,"date":"2013-06-07T11:37:23","date_gmt":"2013-06-07T11:37:23","guid":{"rendered":"https:\/\/taggadeal.com\/product\/grand-slam-indoor-of-show-jumping-roman\/"},"modified":"2022-07-19T17:15:47","modified_gmt":"2022-07-19T17:15:47","slug":"grand-slam-indoor-of-show-jumping-novel-2","status":"publish","type":"product","link":"https:\/\/taggadeal.com\/de\/product\/grand-slam-indoor-of-show-jumping-novel-2\/","title":{"rendered":"Grand Slam Indoor of Show Jumping Roman"},"content":{"rendered":"<h4 style=\"font-size: 16px; font-weight: 600;\">Die Verk\u00f6rperung des rohen, eigensinnigen Geistes des Rock &#8218;N&#8216; Roll<\/h4>\n<p>Der Kilburn verk\u00f6rpert den rauen, eigensinnigen Geist des Rock &#8217;n&#8216; Roll. Der tragbare Aktiv-Stereo-Lautsprecher hat den unverwechselbaren Look und Sound von Marshall, nimmt die Akkorde heraus und bringt die Show auf die Stra\u00dfe.<\/p>\n<p>Mit einem Gewicht von unter 7 Pfund ist der Kilburn ein leichtes St\u00fcck Technik im Vintage-Stil. Der Kilburn setzt die Messlatte als einer der lautesten Lautsprecher seiner Klasse und ist ein kompakter, robuster Held mit einem ausgewogenen Klangbild, das sich durch klare Mitten und ausgedehnte H\u00f6hen auszeichnet und so einen artikulierten und ausgepr\u00e4gten Sound bietet. Mit den analogen Kn\u00f6pfen k\u00f6nnen Sie die Regler auf Ihre pers\u00f6nlichen Vorlieben abstimmen, w\u00e4hrend der von der Gitarre inspirierte Lederriemen einen einfachen und stilvollen Transport erm\u00f6glicht.<\/p>\n<p><a href=\"https:\/\/taggadeal.com\/wp-content\/uploads\/2013\/06\/p1.jpg\"><img fetchpriority=\"high\" decoding=\"async\" class=\"alignnone wp-image-1964 size-full\" src=\"https:\/\/taggadeal.com\/wp-content\/uploads\/2013\/06\/p1.jpg\" alt=\"\" width=\"1170\" height=\"363\" srcset=\"https:\/\/taggadeal.com\/wp-content\/uploads\/2013\/06\/p1.jpg 1170w, https:\/\/taggadeal.com\/wp-content\/uploads\/2013\/06\/p1-600x186.jpg 600w, https:\/\/taggadeal.com\/wp-content\/uploads\/2013\/06\/p1-300x93.jpg 300w, https:\/\/taggadeal.com\/wp-content\/uploads\/2013\/06\/p1-1024x318.jpg 1024w, https:\/\/taggadeal.com\/wp-content\/uploads\/2013\/06\/p1-768x238.jpg 768w, https:\/\/taggadeal.com\/wp-content\/uploads\/2013\/06\/p1-370x115.jpg 370w\" sizes=\"(max-width: 1170px) 100vw, 1170px\" \/><\/a><\/p>\n<h4 style=\"font-size: 16px; font-weight: 600;\">Was bekommen Sie<\/h4>\n<p>Sound of Marshall, zieht die Akkorde ab und nimmt die Show mit auf die Stra\u00dfe.<br \/>\nMit einem Gewicht von unter 7 Pfund ist der Kilburn ein leichtes St\u00fcck Technik im Vintage-Stil. Der Kilburn setzt die Messlatte als einer der lautesten Lautsprecher seiner Klasse und ist ein kompakter, robuster Held mit einem ausgewogenen Klangbild, das sich durch klare Mitten und ausgedehnte H\u00f6hen auszeichnet und so einen artikulierten und ausgepr\u00e4gten Sound bietet. Mit den analogen Kn\u00f6pfen k\u00f6nnen Sie die Regler auf Ihre pers\u00f6nlichen Vorlieben abstimmen, w\u00e4hrend der von der Gitarre inspirierte Lederriemen einen einfachen und stilvollen Transport erm\u00f6glicht.<\/p>\n<p>Das UKW-Radio ist vielleicht f\u00fcr immer verschwunden, da man davon ausgeht, dass die Jury sich f\u00fcr das Streaming \u00fcber das Internet entschieden hat. Der IR-Blaster ist ein weiteres Feature, das in den Ruhestand geht &#8211; das S6 hatte ihn, dann das Note5 nicht, und jetzt mit dem S7 ist der Trend klar.<\/p>\n<h4 style=\"font-size: 16px; font-weight: 600;\">Perfekt gemacht<\/h4>\n<p>Die Wasserdichtigkeit nach IP68 wurde im Vergleich zum S5 verbessert und erlaubt das Eintauchen in bis zu drei Meter Tiefe f\u00fcr 30 Minuten, au\u00dferdem gibt es keine st\u00f6rende Klappe, die den Ladeanschluss verdeckt.<\/p>\n<ul>\n<li>Kein FM-Radio (au\u00dfer bei T-Mobile-Ger\u00e4ten in den USA, bisher)<\/li>\n<li>Kein IR-Blaster<\/li>\n<li>Keine Stereolautsprecher<\/li>\n<\/ul>\n<p>Wenn Sie das Telefon in die Badewanne gelegt haben, m\u00fcssen Sie den Ladeanschluss vor dem Anschlie\u00dfen trocknen. Samsung hat mit dem Design des Galaxy S7 das Rad nicht neu erfunden, aber das war auch nicht n\u00f6tig. Das Gala S6 war ein exzellent gestaltetes Ger\u00e4t, und das S7 hat es geschafft, das noch zu verbessern.<\/p>\n","protected":false},"excerpt":{"rendered":"<ul>\n<li>Unbeschr\u00e4nkter und tragbarer aktiver Stereolautsprecher<\/li>\n<li>Frei von der Enge der Dr\u00e4hte und Akkorde<\/li>\n<li>20 Stunden lang tragbare Funktionen<\/li>\n<li>Doppelendiges Spulenkabel mit 3,5-mm-Stereo-Steckern im Lieferumfang enthalten<\/li>\n<li>3\/4&#8243;-Kalottenhocht\u00f6ner: 2X und 4&#8243;-Tieft\u00f6ner: 1X<\/li>\n<\/ul>\n","protected":false},"featured_media":16543,"comment_status":"open","ping_status":"closed","template":"","meta":[],"product_cat":[],"product_tag":[360,679],"class_list":{"0":"post-5869","1":"product","2":"type-product","3":"status-publish","4":"has-post-thumbnail","6":"product_tag-drahtlos","7":"product_tag-t-shirt-de","9":"first","10":"instock","11":"taxable","12":"shipping-taxable","13":"purchasable","14":"product-type-simple","15":"col-xs-6 col-sm-4","16":"col-mf-5","17":"un-5-cols"},"jetpack_sharing_enabled":true,"_links":{"self":[{"href":"https:\/\/taggadeal.com\/de\/wp-json\/wp\/v2\/product\/5869","targetHints":{"allow":["GET"]}}],"collection":[{"href":"https:\/\/taggadeal.com\/de\/wp-json\/wp\/v2\/product"}],"about":[{"href":"https:\/\/taggadeal.com\/de\/wp-json\/wp\/v2\/types\/product"}],"replies":[{"embeddable":true,"href":"https:\/\/taggadeal.com\/de\/wp-json\/wp\/v2\/comments?post=5869"}],"wp:featuredmedia":[{"embeddable":true,"href":"https:\/\/taggadeal.com\/de\/wp-json\/wp\/v2\/media\/16543"}],"wp:attachment":[{"href":"https:\/\/taggadeal.com\/de\/wp-json\/wp\/v2\/media?parent=5869"}],"wp:term":[{"taxonomy":"product_cat","embeddable":true,"href":"https:\/\/taggadeal.com\/de\/wp-json\/wp\/v2\/product_cat?post=5869"},{"taxonomy":"product_tag","embeddable":true,"href":"https:\/\/taggadeal.com\/de\/wp-json\/wp\/v2\/product_tag?post=5869"}],"curies":[{"name":"wp","href":"https:\/\/api.w.org\/{rel}","templated":true}]}}